{"id":15256,"date":"2015-04-15T11:36:51","date_gmt":"2015-04-15T11:36:51","guid":{"rendered":"http:\/\/demo.qodeinteractive.com\/bridge75\/?page_id=15256"},"modified":"2024-04-16T12:26:12","modified_gmt":"2024-04-16T10:26:12","slug":"home","status":"publish","type":"page","link":"https:\/\/abelnita.pl\/","title":{"rendered":"Home"},"content":{"rendered":"<div class=\"wpb-content-wrapper\">\t\t<div data-elementor-type=\"wp-page\" data-elementor-id=\"15256\" class=\"elementor elementor-15256\">\n\t\t\t\t\t\t<section class=\"elementor-section elementor-top-section elementor-element elementor-element-1a496601 elementor-section-boxed elementor-section-height-default elementor-section-height-default parallax_section_no qode_elementor_container_no\" data-id=\"1a496601\" data-element_type=\"section\">\n\t\t\t\t\t\t<div class=\"elementor-container elementor-column-gap-default\">\n\t\t\t\t\t<div class=\"elementor-column elementor-col-100 elementor-top-column elementor-element elementor-element-30f27e44\" data-id=\"30f27e44\" data-element_type=\"column\">\n\t\t\t<div class=\"elementor-widget-wrap elementor-element-populated\">\n\t\t\t\t\t\t<div class=\"elementor-element elementor-element-75120fb3 elementor-widget elementor-widget-text-editor\" data-id=\"75120fb3\" data-element_type=\"widget\" data-widget_type=\"text-editor.default\">\n\t\t\t\t<div class=\"elementor-widget-container\">\n\t\t\t\t\t\t\t<p>[vc_row css_animation=&#8221;&#8221; row_type=&#8221;row&#8221; use_row_as_full_screen_section=&#8221;no&#8221; type=&#8221;grid&#8221; angled_section=&#8221;no&#8221; text_align=&#8221;left&#8221; background_image_as_pattern=&#8221;without_pattern&#8221;][vc_column css=&#8221;.vc_custom_1599466588661{padding-top: 10px !important;padding-bottom: 10px !important;}&#8221;][vc_separator type=&#8221;normal&#8221; up=&#8221;0&#8243; down=&#8221;0&#8243;][\/vc_column][\/vc_row][vc_row css_animation=&#8221;&#8221; row_type=&#8221;row&#8221; use_row_as_full_screen_section=&#8221;no&#8221; type=&#8221;full_width&#8221; angled_section=&#8221;no&#8221; text_align=&#8221;left&#8221; background_image_as_pattern=&#8221;without_pattern&#8221; css=&#8221;.vc_custom_1599464748345{padding-top: 10px !important;}&#8221; z_index=&#8221;&#8221;][vc_column width=&#8221;1\/3&#8243;][\/vc_column][vc_column width=&#8221;1\/3&#8243;]<a  itemprop=\"url\" href=\"https:\/\/abelnita.pl\/index.php\/blog\/\" target=\"_self\"  class=\"qbutton  big_large center default  qode-button-shadow\" style=\"\">Sprawd\u017a &#8222;Sprawd\u017a, co nowego!&#8222;<\/a>[\/vc_column][vc_column width=&#8221;1\/3&#8243;][\/vc_column][\/vc_row][vc_row css_animation=&#8221;&#8221; row_type=&#8221;row&#8221; use_row_as_full_screen_section=&#8221;no&#8221; type=&#8221;grid&#8221; angled_section=&#8221;no&#8221; text_align=&#8221;left&#8221; background_image_as_pattern=&#8221;without_pattern&#8221;][vc_column css=&#8221;.vc_custom_1599466853474{padding-top: 30px !important;padding-bottom: 10px !important;}&#8221;][vc_separator type=&#8221;normal&#8221; up=&#8221;0&#8243; down=&#8221;0&#8243;][\/vc_column][\/vc_row][vc_row css_animation=&#8221;&#8221; row_type=&#8221;row&#8221; use_row_as_full_screen_section=&#8221;no&#8221; type=&#8221;grid&#8221; angled_section=&#8221;no&#8221; text_align=&#8221;left&#8221; background_image_as_pattern=&#8221;without_pattern&#8221; padding_top=&#8221;88&#8243;][vc_column width=&#8221;1\/3&#8243;][vc_column_text]<\/p><h3 style=\"text-align: left;\">KIM JESTE\u015aMY<\/h3><p>[\/vc_column_text][vc_separator type=&#8221;small&#8221; position=&#8221;left&#8221;][vc_column_text]<\/p><h6>Zwracamy si\u0119 do wszystkich obywateli \u015bwiata Mi\u0142uj\u0105cych Pok\u00f3j i Wolno\u015b\u0107, aby ka\u017cdy m\u00f3g\u0142 \u015bwiadomie uczestniczy\u0107 w wyborze &#8230;<\/h6><p>[\/vc_column_text][vc_separator type=&#8221;transparent&#8221; up=&#8221;24&#8243; down=&#8221;0&#8243;][vc_column_text]&#8230; czy chce na ziemi \u017cy\u0107 z innymi w zgodzie, z poszanowaniem s\u0142owa &#8222;Szalom &#8211; Pok\u00f3j&#8221; jako jedynego s\u0142owa, kt\u00f3re ma zainicjowa\u0107 niepowtarzalny w dziejach ludzko\u015bci na ca\u0142ej ziemi proces opowiedzenia si\u0119 po stronie \u017cycia &#8230;[\/vc_column_text][vc_separator type=&#8221;transparent&#8221; up=&#8221;29&#8243; down=&#8221;0&#8243;]<a  itemprop=\"url\" href=\"https:\/\/abelnita.pl\/index.php\/o-fundacji\/\" target=\"_self\"  class=\"qbutton  default\" style=\"\">Czytaj dalej &#8230;<\/a>[vc_separator type=&#8221;transparent&#8221; up=&#8221;65&#8243; down=&#8221;0&#8243;][\/vc_column][vc_column width=&#8221;1\/3&#8243;][vc_column_text]<\/p><h3 style=\"text-align: left;\">CO ROBIMY<\/h3><p>[\/vc_column_text][vc_separator type=&#8221;small&#8221; position=&#8221;left&#8221;][vc_column_text]<\/p><h6>Fundacja &#8222;Abelnita\u00a0 &#8211; Ambasador Pokoju&#8221; podejmuje odwa\u017cne starania, by s\u0142owo &#8222;Szalom-Pok\u00f3j&#8221; nie by\u0142o tylko martwym zapisem literowym w ksi\u0119gach historii &#8230;<\/h6><p>[\/vc_column_text][vc_separator type=&#8221;transparent&#8221; up=&#8221;24&#8243; down=&#8221;0&#8243;][vc_column_text]&#8230; zabiegamy o to, aby s\u0142owo &#8222;Szalom-Pok\u00f3j&#8221; sta\u0142o si\u0119 \u017cywym, d\u017awi\u0119cznym wyrazem uczu\u0107 ludzko\u015bci na ustach wszystkich bez obaw, \u017ce &#8222;zostan\u0105 zignorowane&#8221; przez tych, kt\u00f3rzy sprawuj\u0105 w\u0142adz\u0119 ludzk\u0105 na ziemi.[\/vc_column_text][vc_separator type=&#8221;transparent&#8221; up=&#8221;29&#8243; down=&#8221;0&#8243;]<a  itemprop=\"url\" href=\"https:\/\/abelnita.pl\/index.php\/o-fundacji\/\" target=\"_self\"  class=\"qbutton  default\" style=\"\">Czytaj dalej &#8230;<\/a>[vc_separator type=&#8221;transparent&#8221; up=&#8221;65&#8243; down=&#8221;0&#8243;][\/vc_column][vc_column width=&#8221;1\/3&#8243;][vc_column_text]<\/p><h3 style=\"text-align: left;\">JAK MO\u017bESZ POM\u00d3C &#8230;<\/h3><p>[\/vc_column_text][vc_separator type=&#8221;small&#8221; position=&#8221;left&#8221;][vc_column_text]<\/p><h6>Aby s\u0142owo &#8222;Szalom-Pok\u00f3j&#8221; mog\u0142o osi\u0105gn\u0105\u0107 wiele dobrego &#8211; musi uzyska\u0107 moc prawn\u0105 &#8211; musz\u0105 zosta\u0107 stworzone odpowiednie regulacje prawne w oparciu o prawa i zasady konstytucyjne.<\/h6><p>[\/vc_column_text][vc_separator type=&#8221;transparent&#8221; up=&#8221;24&#8243; down=&#8221;0&#8243;][vc_column_text]Ka\u017cdy obywatel, wypowiadaj\u0105cy i uto\u017csamiaj\u0105cy si\u0119 ze s\u0142owem &#8222;Szalom-Pok\u00f3j&#8221; ma prawo czu\u0107 si\u0119 bezpieczny na ziemi, gdziekolwiek by si\u0119 porusza\u0142, w jakimkolwiek kraju, bez wzgl\u0119du na konflikty etniczne, religijne &#8230;[\/vc_column_text][vc_separator type=&#8221;transparent&#8221; up=&#8221;29&#8243; down=&#8221;0&#8243;]<a  itemprop=\"url\" href=\"https:\/\/abelnita.pl\/index.php\/o-fundacji\/\" target=\"_self\"  class=\"qbutton  default\" style=\"\">Czytaj dalej &#8230;<\/a>[vc_separator type=&#8221;transparent&#8221; up=&#8221;65&#8243; down=&#8221;0&#8243;][\/vc_column][\/vc_row][vc_row row_type=&#8221;parallax&#8221; parallax_content_width=&#8221;in_grid&#8221; text_align=&#8221;left&#8221; full_screen_section_height=&#8221;no&#8221; background_image=&#8221;15480&#8243; section_height=&#8221;440&#8243;][vc_column][vc_row_inner row_type=&#8221;row&#8221; type=&#8221;grid&#8221; text_align=&#8221;center&#8221; css_animation=&#8221;&#8221; padding_top=&#8221;82&#8243; padding_bottom=&#8221;32&#8243;][vc_column_inner width=&#8221;1\/4&#8243;][\/vc_column_inner][vc_column_inner width=&#8221;1\/4&#8243;][\/vc_column_inner][\/vc_row_inner][\/vc_column][\/vc_row][vc_row css_animation=&#8221;&#8221; row_type=&#8221;row&#8221; use_row_as_full_screen_section=&#8221;no&#8221; type=&#8221;full_width&#8221; angled_section=&#8221;no&#8221; text_align=&#8221;left&#8221; background_image_as_pattern=&#8221;without_pattern&#8221;][vc_column][vc_separator type=&#8221;normal&#8221;][\/vc_column][\/vc_row][vc_row css_animation=&#8221;&#8221; row_type=&#8221;row&#8221; use_row_as_full_screen_section=&#8221;no&#8221; type=&#8221;grid&#8221; angled_section=&#8221;no&#8221; text_align=&#8221;left&#8221; background_image_as_pattern=&#8221;without_pattern&#8221; padding_top=&#8221;89&#8243;][vc_column width=&#8221;2\/3&#8243;][vc_column_text]<\/p><h3>Drodzy Przyjaciele Pokoju<\/h3><p>[\/vc_column_text][vc_separator type=&#8221;small&#8221; position=&#8221;left&#8221;][vc_column_text]<\/p><h4>Przyjrzyjcie si\u0119 jeszcze raz logo Fundacji\u00a0 &#8222;Abelnita&#8221;. Szalom &#8211; Pok\u00f3j to nie zaskakuj\u0105cy napis, to odwzorowanie cz\u0142owieka chwytaj\u0105cego si\u0119 t\u0119czy &#8230;<\/h4><p>[\/vc_column_text][vc_separator type=&#8221;transparent&#8221; up=&#8221;14&#8243; down=&#8221;0&#8243;][vc_column_text]Posta\u0107 cz\u0142owieka, stoi przed zniekszta\u0142con\u0105 t\u0119cz\u0105 maj\u0105c\u0105 nam wszystkim, mi\u0142o\u015bnikom pokoju przypomina\u0107 jak dalece dzisiejsze spo\u0142ecze\u0144stwo jest podzielone. Tocz\u0105 si\u0119 spory o ilo\u015b\u0107 wyra\u017canych kolor\u00f3w, o to czy t\u0119cza sk\u0142ada\u0107 si\u0119 ma z czterech czy z sze\u015bciu odcieni &#8230; czy jej symbol wykorzystywany ma by\u0107 do obrazowania \u015brodowisk homoseksualnych &#8230;[\/vc_column_text][vc_separator type=&#8221;transparent&#8221; up=&#8221;29&#8243; down=&#8221;0&#8243;]<a  itemprop=\"url\" href=\"\" target=\"_self\"  class=\"qbutton  default\" style=\"\">Czytaj dalej &#8230;<\/a>[vc_separator type=&#8221;transparent&#8221; up=&#8221;64&#8243; down=&#8221;0&#8243;][\/vc_column][vc_column width=&#8221;1\/3&#8243;][vc_single_image image=&#8221;15826&#8243; img_size=&#8221;full&#8221; alignment=&#8221;center&#8221; qode_css_animation=&#8221;&#8221;][vc_separator type=&#8221;transparent&#8221; up=&#8221;64&#8243; down=&#8221;0&#8243;][\/vc_column][\/vc_row][vc_row css_animation=&#8221;&#8221; row_type=&#8221;row&#8221; use_row_as_full_screen_section=&#8221;no&#8221; type=&#8221;grid&#8221; angled_section=&#8221;no&#8221; text_align=&#8221;left&#8221; background_image_as_pattern=&#8221;without_pattern&#8221; z_index=&#8221;&#8221; background_image=&#8221;15480&#8243;][vc_column][vc_separator type=&#8221;normal&#8221;]\n<div class='latest_post_holder dividers three_columns one_row' >\n    <ul>\n    \n        <li class=\"clearfix\">\n            <div class=\"boxes_image\">\n                                <a itemprop=\"url\" href=\"https:\/\/abelnita.pl\/index.php\/2015\/03\/18\/spotkanie-z-szewach-weiss\/\"><img fetchpriority=\"high\" decoding=\"async\" width=\"400\" height=\"271\" src=\"https:\/\/abelnita.pl\/wp-content\/uploads\/2015\/03\/wizyta-s-w-1_opt.png\" class=\"attachment-latest_post_boxes size-latest_post_boxes wp-post-image\" alt=\"\" srcset=\"https:\/\/abelnita.pl\/wp-content\/uploads\/2015\/03\/wizyta-s-w-1_opt.png 400w, https:\/\/abelnita.pl\/wp-content\/uploads\/2015\/03\/wizyta-s-w-1_opt-300x203.png 300w\" sizes=\"(max-width: 400px) 100vw, 400px\" \/><\/a>\n            <\/div>\n            <div class=\"latest_post\"  >\n                <div class=\"latest_post_text\">\n                    <div class=\"latest_post_inner\">\n                        <div itemprop=\"dateCreated\" class=\"latest_post_date entry_date updated\">\n                            <div class=\"latest_post_day\">18<\/div>\n                            <div class=\"latest_post_month\">mar<\/div>\n                            <meta itemprop=\"interactionCount\" content=\"UserComments: 0\" \/>\n                        <\/div>\n\n                        <div class=\"latest_post_text_inner\">\n                            <h5 itemprop=\"name\" class=\"latest_post_title entry_title\"><a itemprop=\"url\" href=\"https:\/\/abelnita.pl\/index.php\/2015\/03\/18\/spotkanie-z-szewach-weiss\/\">Spotkanie z Szewach Weiss<\/a><\/h5>\n                            <p class=\"excerpt\">W 2014 roku podczas spotkania z by\u0142ym ambasadorem Izraela Szewach Weiss dyskutowali\u015bmy na temat pokojowego \u017cycia i wsp\u00f3\u0142istnienia w rodzinie ludzkiej&#8230;<\/p>                            <span class=\"post_infos\">\n\n                                                                                                           <a itemprop=\"url\" href=\"https:\/\/abelnita.pl\/index.php\/category\/podroze\/\">podr\u00f3\u017ce <\/a>\n                                                                    \n                                \n                                \n                                                            <\/span>\n\n                        <\/div>\n                    <\/div>\n                <\/div>\n            <\/div>\n        <\/li>\n        \n        <li class=\"clearfix\">\n            <div class=\"boxes_image\">\n                                <a itemprop=\"url\" href=\"https:\/\/abelnita.pl\/index.php\/2015\/04\/10\/abelnita-w-onz\/\"><img decoding=\"async\" width=\"539\" height=\"303\" src=\"https:\/\/abelnita.pl\/wp-content\/uploads\/2020\/03\/onz_bracia-539x303.png\" class=\"attachment-latest_post_boxes size-latest_post_boxes wp-post-image\" alt=\"\" \/><\/a>\n            <\/div>\n            <div class=\"latest_post\"  >\n                <div class=\"latest_post_text\">\n                    <div class=\"latest_post_inner\">\n                        <div itemprop=\"dateCreated\" class=\"latest_post_date entry_date updated\">\n                            <div class=\"latest_post_day\">10<\/div>\n                            <div class=\"latest_post_month\">kwi<\/div>\n                            <meta itemprop=\"interactionCount\" content=\"UserComments: 0\" \/>\n                        <\/div>\n\n                        <div class=\"latest_post_text_inner\">\n                            <h5 itemprop=\"name\" class=\"latest_post_title entry_title\"><a itemprop=\"url\" href=\"https:\/\/abelnita.pl\/index.php\/2015\/04\/10\/abelnita-w-onz\/\">Abelnita w Onz<\/a><\/h5>\n                            <p class=\"excerpt\">W 2015 roku wybrali\u015bmy do Nowego Jorku przedstawi\u0107 propozycj\u0119 \u201eSzalom \u2013 Pok\u00f3j\u201d w polskim przedstawicielstwie przy siedzibie \u201eNarodach Zjednoczonych\u201d. Spotkanie odby\u0142o si\u0119 z przedstawicielem plac\u00f3wki, prezentuj\u0105c nasz\u0105 ide\u0119, aby nada\u0107 s\u0142owu Szalom warto\u015b\u0107 konstytucyjn\u0105&#8230;.<\/p>                            <span class=\"post_infos\">\n\n                                                                                                           <a itemprop=\"url\" href=\"https:\/\/abelnita.pl\/index.php\/category\/podroze\/\">podr\u00f3\u017ce <\/a>\n                                                                           <a itemprop=\"url\" href=\"https:\/\/abelnita.pl\/index.php\/category\/strona-www\/\">strona WWW <\/a>\n                                                                    \n                                \n                                \n                                                            <\/span>\n\n                        <\/div>\n                    <\/div>\n                <\/div>\n            <\/div>\n        <\/li>\n        \n        <li class=\"clearfix\">\n            <div class=\"boxes_image\">\n                                <a itemprop=\"url\" href=\"https:\/\/abelnita.pl\/index.php\/2020\/03\/11\/witaj-swiecie\/\"><img decoding=\"async\" width=\"400\" height=\"202\" src=\"https:\/\/abelnita.pl\/wp-content\/uploads\/2020\/03\/strona-www_opt.png\" class=\"attachment-latest_post_boxes size-latest_post_boxes wp-post-image\" alt=\"\" srcset=\"https:\/\/abelnita.pl\/wp-content\/uploads\/2020\/03\/strona-www_opt.png 400w, https:\/\/abelnita.pl\/wp-content\/uploads\/2020\/03\/strona-www_opt-300x152.png 300w\" sizes=\"(max-width: 400px) 100vw, 400px\" \/><\/a>\n            <\/div>\n            <div class=\"latest_post\"  >\n                <div class=\"latest_post_text\">\n                    <div class=\"latest_post_inner\">\n                        <div itemprop=\"dateCreated\" class=\"latest_post_date entry_date updated\">\n                            <div class=\"latest_post_day\">11<\/div>\n                            <div class=\"latest_post_month\">mar<\/div>\n                            <meta itemprop=\"interactionCount\" content=\"UserComments: 0\" \/>\n                        <\/div>\n\n                        <div class=\"latest_post_text_inner\">\n                            <h5 itemprop=\"name\" class=\"latest_post_title entry_title\"><a itemprop=\"url\" href=\"https:\/\/abelnita.pl\/index.php\/2020\/03\/11\/witaj-swiecie\/\">Otworzyli\u015bmy stron\u0119 WWW naszej FUNDACJI<\/a><\/h5>\n                            <p class=\"excerpt\">Nasza fundacja doczeka\u0142a si\u0119 nowej strony internetowej. Zapraszamy do zapoznania si\u0119 z naszymi przemy\u015bleniami i nasz\u0105 histori\u0105&#8230;.<\/p>                            <span class=\"post_infos\">\n\n                                                                                                           <a itemprop=\"url\" href=\"https:\/\/abelnita.pl\/index.php\/category\/strona-www\/\">strona WWW <\/a>\n                                                                    \n                                \n                                \n                                                            <\/span>\n\n                        <\/div>\n                    <\/div>\n                <\/div>\n            <\/div>\n        <\/li>\n            <\/ul>\n<\/div>[vc_separator type=&#8221;normal&#8221;][\/vc_column][\/vc_row][vc_row css_animation=&#8221;&#8221; row_type=&#8221;row&#8221; use_row_as_full_screen_section=&#8221;no&#8221; type=&#8221;full_width&#8221; angled_section=&#8221;no&#8221; text_align=&#8221;center&#8221; background_image_as_pattern=&#8221;without_pattern&#8221; padding_bottom=&#8221;63&#8243; padding_top=&#8221;52&#8243;][vc_column][vc_column_text]<\/p><h3 style=\"text-align: center;\">ZA\u0141O\u017bYCIELE FUNDACJI<\/h3><p>[\/vc_column_text][vc_separator type=&#8221;small&#8221; position=&#8221;center&#8221;][vc_column_text]<\/p><h4 style=\"text-align: center;\">&#8222;KIEDY NARODY PRACUJ\u0104 NA RZECZ WSP\u00d3LNYCH CEL\u00d3W, MOG\u0104 OSI\u0104GN\u0104\u0106 WIELE DOBREGO&#8221;<\/h4><p>[\/vc_column_text][\/vc_column][\/vc_row][vc_row css_animation=&#8221;&#8221; row_type=&#8221;row&#8221; use_row_as_full_screen_section=&#8221;no&#8221; type=&#8221;full_width&#8221; angled_section=&#8221;no&#8221; text_align=&#8221;left&#8221; background_image_as_pattern=&#8221;without_pattern&#8221; side_padding=&#8221;2%&#8221;][vc_column width=&#8221;1\/6&#8243;][\/vc_column][vc_column width=&#8221;1\/6&#8243;][\/vc_column][vc_column width=&#8221;1\/6&#8243; offset=&#8221;vc_col-lg-2 vc_col-md-4 vc_col-xs-4&#8243;]<div class='q_team info_on_hover' ><div class='q_team_inner'><div class='q_team_image'><img itemprop='image' src='https:\/\/abelnita.pl\/wp-content\/uploads\/2020\/03\/team-img-8-e1584547873212.png' alt='team-img-8' \/><div class='q_team_text' style= 'background-color:#333333;'><div class='q_team_text_holder'><div class='q_team_text_holder_inner'><div class='q_team_text_inner'><div class='q_team_title_holder'><h4 class='q_team_name' style = 'color: #ffffff;'>MARIAN KWIDZI\u0143SKI<\/h4><span style = 'color: #01a0e2;'>ZA\u0141O\u017bYCIEL<\/span><\/div><\/div><div class='q_team_social_holder'><\/div><\/div><\/div><\/div><\/div><\/div><\/div>[vc_separator type=&#8221;transparent&#8221; up=&#8221;20&#8243; down=&#8221;0&#8243;][\/vc_column][vc_column width=&#8221;1\/6&#8243; offset=&#8221;vc_col-lg-2 vc_col-md-4 vc_col-xs-4&#8243;]<div class='q_team info_on_hover' ><div class='q_team_inner'><div class='q_team_image'><img itemprop='image' src='https:\/\/abelnita.pl\/wp-content\/uploads\/2020\/03\/team-img-7-e1584547906478.png' alt='team-img-7' \/><div class='q_team_text' style= 'background-color:#333333;'><div class='q_team_text_holder'><div class='q_team_text_holder_inner'><div class='q_team_text_inner'><div class='q_team_title_holder'><h4 class='q_team_name' style = 'color: #ffffff;'>EDMUND KWIDZI\u0143SKI<\/h4><span style = 'color: #01a0e2;'>ZA\u0141O\u017bYCIEL<\/span><\/div><\/div><div class='q_team_social_holder'><\/div><\/div><\/div><\/div><\/div><\/div><\/div>[vc_separator type=&#8221;transparent&#8221; up=&#8221;20&#8243; down=&#8221;0&#8243;][\/vc_column][vc_column width=&#8221;1\/6&#8243;][\/vc_column][vc_column width=&#8221;1\/6&#8243;][\/vc_column][\/vc_row]<\/p>\t\t\t\t\t\t<\/div>\n\t\t\t\t<\/div>\n\t\t\t\t\t<\/div>\n\t\t<\/div>\n\t\t\t\t\t<\/div>\n\t\t<\/section>\n\t\t\t\t<\/div>\n\t\t<\/div>","protected":false},"excerpt":{"rendered":"<p>[vc_row css_animation=&#8221;&#8221; row_type=&#8221;row&#8221; use_row_as_full_screen_section=&#8221;no&#8221; type=&#8221;grid&#8221; angled_section=&#8221;no&#8221; text_align=&#8221;left&#8221; background_image_as_pattern=&#8221;without_pattern&#8221;][vc_column css=&#8221;.vc_custom_1599466588661{padding-top: 10px !important;padding-bottom: 10px !important;}&#8221;][vc_separator type=&#8221;normal&#8221; up=&#8221;0&#8243; down=&#8221;0&#8243;][\/vc_column][\/vc_row][vc_row css_animation=&#8221;&#8221; row_type=&#8221;row&#8221; use_row_as_full_screen_section=&#8221;no&#8221; type=&#8221;full_width&#8221; angled_section=&#8221;no&#8221; text_align=&#8221;left&#8221; background_image_as_pattern=&#8221;without_pattern&#8221; css=&#8221;.vc_custom_1599464748345{padding-top: 10px !important;}&#8221; z_index=&#8221;&#8221;][vc_column width=&#8221;1\/3&#8243;][\/vc_column][vc_column width=&#8221;1\/3&#8243;][\/vc_column][vc_column width=&#8221;1\/3&#8243;][\/vc_column][\/vc_row][vc_row css_animation=&#8221;&#8221; row_type=&#8221;row&#8221; use_row_as_full_screen_section=&#8221;no&#8221; type=&#8221;grid&#8221; angled_section=&#8221;no&#8221; text_align=&#8221;left&#8221; background_image_as_pattern=&#8221;without_pattern&#8221;][vc_column css=&#8221;.vc_custom_1599466853474{padding-top: 30px !important;padding-bottom: 10px !important;}&#8221;][vc_separator type=&#8221;normal&#8221; up=&#8221;0&#8243; down=&#8221;0&#8243;][\/vc_column][\/vc_row][vc_row&#8230;<\/p>\n","protected":false},"author":1,"featured_media":0,"parent":0,"menu_order":0,"comment_status":"open","ping_status":"open","template":"full_width.php","meta":{"content-type":"","footnotes":""},"_links":{"self":[{"href":"https:\/\/abelnita.pl\/index.php\/wp-json\/wp\/v2\/pages\/15256"}],"collection":[{"href":"https:\/\/abelnita.pl\/index.php\/wp-json\/wp\/v2\/pages"}],"about":[{"href":"https:\/\/abelnita.pl\/index.php\/wp-json\/wp\/v2\/types\/page"}],"author":[{"embeddable":true,"href":"https:\/\/abelnita.pl\/index.php\/wp-json\/wp\/v2\/users\/1"}],"replies":[{"embeddable":true,"href":"https:\/\/abelnita.pl\/index.php\/wp-json\/wp\/v2\/comments?post=15256"}],"version-history":[{"count":69,"href":"https:\/\/abelnita.pl\/index.php\/wp-json\/wp\/v2\/pages\/15256\/revisions"}],"predecessor-version":[{"id":16133,"href":"https:\/\/abelnita.pl\/index.php\/wp-json\/wp\/v2\/pages\/15256\/revisions\/16133"}],"wp:attachment":[{"href":"https:\/\/abelnita.pl\/index.php\/wp-json\/wp\/v2\/media?parent=15256"}],"curies":[{"name":"wp","href":"https:\/\/api.w.org\/{rel}","templated":true}]}}