{"id":15342,"date":"2015-04-21T09:04:12","date_gmt":"2015-04-21T09:04:12","guid":{"rendered":"http:\/\/demo.qodeinteractive.com\/bridge75\/?page_id=15342"},"modified":"2020-04-27T09:38:38","modified_gmt":"2020-04-27T07:38:38","slug":"o-fundacji","status":"publish","type":"page","link":"https:\/\/abelnita.pl\/index.php\/o-fundacji\/","title":{"rendered":"O FUNDACJI"},"content":{"rendered":"<div class=\"wpb-content-wrapper\"><p>[vc_row css_animation=&#8221;&#8221; row_type=&#8221;row&#8221; use_row_as_full_screen_section=&#8221;no&#8221; type=&#8221;grid&#8221; angled_section=&#8221;no&#8221; text_align=&#8221;left&#8221; background_image_as_pattern=&#8221;without_pattern&#8221; padding_top=&#8221;85&#8243;][vc_column][vc_separator type=&#8221;small&#8221; position=&#8221;left&#8221;][vc_column_text]Pragniemy zwr\u00f3ci\u0107 si\u0119 do wszystkich obywateli \u015bwiata Mi\u0142uj\u0105cych Pok\u00f3j i Wolno\u015b\u0107, aby ka\u017cdy m\u00f3g\u0142 \u015bwiadomie uczestniczy\u0107 w wyborze: czy chce na ziemi \u017cy\u0107 z innymi w zgodzie , z poszanowaniem s\u0142owa \u201eSzalom \u2013 Pok\u00f3j\u201d jako jedynego s\u0142owa, kt\u00f3re ma zainicjowa\u0107 niepowtarzalny w dziejach ludzko\u015bci na ca\u0142ej ziemi proces opowiedzenia si\u0119 po stronie \u017cycia, gdy\u017c tylko Pok\u00f3j mo\u017ce by\u0107 gwarantem \u017cycia rodziny ludzkiej na ziemi. Temat zabiegania o pokojowe warunki \u017cycia na ziemi by\u0142 przedmiotem dyskusji\u00a0 Laureat\u00f3w Pokojowej Nagrody Nobla odbywaj\u0105cego si\u0119 w Warszawie 21-23 pa\u017adziernika 2013 r.:[\/vc_column_text][vc_row_inner row_type=&#8221;row&#8221; type=&#8221;full_width&#8221; text_align=&#8221;left&#8221; css_animation=&#8221;&#8221;][vc_column_inner][vc_empty_space][vc_column_text]<\/p>\n<h4 style=\"text-align: center;\">\u201ekiedy <strong>ludzie zdobywaj\u0105 si\u0119 na odwag\u0119,<\/strong> by wyst\u0105pi\u0107 na rzecz pokoju s\u0105 w\u00a0 stanie dokona\u0107 prawdziwych zmian\u201d<\/h4>\n<p>[\/vc_column_text][vc_empty_space][\/vc_column_inner][\/vc_row_inner][\/vc_column][vc_column][vc_column_text]<strong>Fundacja \u201eAbelnita \u2013 Ambasador Pokoju\u201d<\/strong> podejmuje odwa\u017cne starania by s\u0142owo <strong>\u201eSzalom-Pok\u00f3j\u201d<\/strong> nie by\u0142o tylko martwym zapisem literowym w ksi\u0119gach historii, ale sta\u0142o si\u0119 \u017cywym, d\u017awi\u0119cznym wyrazem uczu\u0107 ludzkich na ustach wszystkich bez obawy \u017ce, \u201ezostan\u0105 zignorowane\u201d przez tych kt\u00f3rzy sprawuj\u0105 w\u0142adz\u0119 ludzk\u0105 na ziemi.[\/vc_column_text][vc_empty_space][vc_column_text]<\/p>\n<h4 style=\"text-align: center;\">\u201ekiedy narody pracuj\u0105 na rzecz wsp\u00f3lnych cel\u00f3w, mog\u0105 osi\u0105gn\u0105\u0107 wiele dobrego\u201d<\/h4>\n<p>[\/vc_column_text][vc_empty_space][vc_column_text]Aby s\u0142owo \u201eSzalom-Pok\u00f3j\u201d mog\u0142o osi\u0105gn\u0105\u0107 wiele dobrego \u2013 musi uzyska\u0107 moc prawn\u0105, (musz\u0105 by\u0107 stworzone odpowiednie regulacje prawne w oparciu o prawa i zasady konstytucyjne). Ka\u017cdy obywatel wypowiadaj\u0105cy i uto\u017csamiaj\u0105cy si\u0119 ze s\u0142owem \u201eSzalom-Pok\u00f3j\u201d ma prawo czu\u0107 si\u0119 bezpiecznie na ziemi gdziekolwiek by si\u0119 porusza\u0142 w jakimkolwiek kraju, bez wzgl\u0119du na konflikty etniczne, religijne, polityczne etc. A w\u0142adza Pa\u0144stwowa powinna czu\u0107 si\u0119 zobowi\u0105zana do przestrzegania tego najbardziej wznios\u0142ego prawa gwarantuj\u0105cego wszystkim ludziom na ziemi \u017cycie w pokoju. Tylko pod warunkiem \u017ce Pok\u00f3j stanie si\u0119 realnym i namacalnym wymiarem, rodzina ludzka na ziemi mo\u017ce oczekiwa\u0107 spe\u0142nienia si\u0119 przes\u0142ania Noblist\u00f3w: \u201e gdzie mi\u0142o\u015b\u0107 oraz pi\u0119kno nadal s\u0105 mo\u017cliwe ka\u017cdego dnia\u201d. Dlatego cytujemy dalsze wezwania Szczytu Laureat\u00f3w Pokojowej Nagrody Nobla jako zach\u0119t\u0119:[\/vc_column_text][vc_empty_space][vc_column_text]<\/p>\n<h4 style=\"text-align: center;\">\u201eWzywamy zatem wszystkich do: przyj\u0119cia nowego my\u015blenia na temat osi\u0105gania pokoju. Musimy wyj\u015b\u0107 poza przestarza\u0142\u0105 filozofi\u0119: Je\u015bli chcesz przygotowa\u0107 si\u0119 na pok\u00f3j, to szykuj si\u0119 na wojn\u0119. Widzimy to ju\u017c teraz jako oczywisty fakt, i\u017c je\u015bli chcemy pokoju, musimy szykowa\u0107 si\u0119 na pok\u00f3j\u201d<\/h4>\n<p>[\/vc_column_text][vc_empty_space][vc_column_text]Drodzy Przyjaciele Pokoju, Przyjrzyjcie si\u0119 jeszcze raz na logo Fundacji \u201eAbelnita\u201d.<strong> Szalom-Pok\u00f3j<\/strong> to nie jest zaskakuj\u0105cy napis, natomiast cz\u0142owiek chwytaj\u0105cy si\u0119 t\u0119czy (symbolu pokoju) stoi przed zniekszta\u0142con\u0105 (zdeformowan\u0105 jej naturaln\u0105 form\u0105).<\/p>\n<p>[\/vc_column_text][vc_empty_space][vc_column_text]Zniekszta\u0142cenie tej t\u0119czy ma nam wszystkim mi\u0142o\u015bnikom pokoju przypomina\u0107 jak dalece dzisiejsze spo\u0142ecze\u0144stwo jest podzielone. S\u0105 toczone spory:<\/p>\n<p>&#8211; czy t\u0119cza ma wyra\u017ca\u0107 cztery kolory, czy sze\u015b\u0107 kolor\u00f3w, jak to wykorzystuj\u0105 np. \u015brodowiska homoseksualne.<\/p>\n<p>&#8211; czy te\u017c siedem kolor\u00f3w bo to jest najbli\u017csza liczka wyra\u017caj\u0105ca jej naturalny dob\u00f3r kolor\u00f3w.<\/p>\n<p>Jak widzimy nawet t\u0119cza kt\u00f3ra mia\u0142a \u0142\u0105czy\u0107 ludzi, mo\u017ce by\u0107 wykorzystywana przez niekt\u00f3rych do wywo\u0142ywania konflikt\u00f3w. Co jest niedopuszczalne wed\u0142ug s\u0142\u00f3w \u201ewtedy wspomn\u0119 na moje przymierze, kt\u00f3re zawar\u0142em z wami i z wszelk\u0105 istot\u0105 \u017cyw\u0105, z ka\u017cdym cz\u0142owiekiem\u201d. Ksi\u0119ga Rodzaju 9:13-15 BT.<\/p>\n<p>[\/vc_column_text][vc_empty_space][\/vc_column][vc_column][vc_column_text]<\/p>\n<h4 style=\"text-align: center;\">Fundacja jest podmiotem neutralnym, nie reprezentuje \u017cadnej instytucji religijnej ani politycznej<\/h4>\n<p>[\/vc_column_text][vc_empty_space][vc_column_text]<\/p>\n<p class=\"Standard\"><span style=\"font-size: 14.0pt;\">Fundacja z mocy statutowego zapisu ma prawo oczekiwa\u0107 od wsp\u00f3\u0142czesnych w\u0142adc\u00f3w aby otworzyli si\u0119 na g\u0142os ludzi, kt\u00f3rzy w swym najwy\u017cszym zaufaniu skierowali swe oczekiwania, aby \u017cy\u0107 bezpiecznie na ziemi. <\/span><span style=\"font-size: 14.0pt;\">Takie oczekiwania mo\u017ce spe\u0142ni\u0107 jedynie obiecany kr\u00f3l na mocy \u201eprzymierza prawa\u201d danego <\/span><span style=\"font-size: 14.0pt;\">ludzko\u015bci: \u201eNie oddali si\u0119 ber\u0142o od Judy, ani laska rozkazodawcy a\u017c przyjdzie <\/span><span style=\"font-size: 14.0pt;\">Szilo kt\u00f3remu b\u0119d\u0105 <u>pos\u0142uszne narody<\/u>\u201d Ksi\u0119ga Rodzaju 49:10.<\/span><\/p>\n<p>[\/vc_column_text][vc_empty_space][vc_column_text]Tego <u>pos\u0142usze\u0144stwa<\/u> wymaga prawo pos\u0142uchu. Nale\u017cy dzi\u0119kowa\u0107 w\u0142adcom, \u017ce umo\u017cliwiaj\u0105 funkcjonowanie fundacji w tak szlachetnym celu, nie rani\u0105c uczu\u0107 religijnych. Uczucia i oczekiwania religijne to jedno. Jezus syn J\u00f3zefa i Marii z Nazaretu z linii kr\u00f3lewskiej rodu Dawida\u00a0\u00a0\u00a0 Ew. \u0141ukasza\u00a0\u00a0\u00a0\u00a0 1:30-33, \u017cy\u0142 ze \u015bwiadomo\u015bci\u0105 obj\u0119cia w\u0142adzy jako przysz\u0142y Kr\u00f3l \u017byd\u00f3w i \u201ewszystkich narod\u00f3w\u201d Apokalipsa 7:9<\/p>\n<p>Tego tytu\u0142u nie pozbawi\u0142y go W\u0142adze Rzymskie. Jego na\u015bladowcy nie wyrzekli si\u0119 go jako kr\u00f3la \u017cyj\u0105c i czekaj\u0105c na jego powr\u00f3t.[\/vc_column_text][vc_empty_space][vc_column_text]<\/p>\n<p class=\"Standard\"><span style=\"font-size: 14.0pt;\">Je\u015bli \u201ekoronawirus\u201d ma uzmys\u0142owi\u0107 nam wszystkim jak jeste\u015bmy bezradni, to mo\u017ce <\/span><span style=\"font-size: 14.0pt;\">lepiej z niek\u0142amanym szacunkiem otworzy\u0107 si\u0119 na nowy bezprecedensowy transfer <\/span><span style=\"font-size: 14.0pt;\">przekazania w\u0142adzy \u201eW\u0142adcy kr\u00f3l\u00f3w ziemi\u201d Apokalipsa 1:5.<\/span><\/p>\n<p class=\"Standard\"><span style=\"font-size: 14.0pt;\">Czy takie oczekiwania ludzi mi\u0142uj\u0105cych Pok\u00f3j s\u0105 niedorzeczne?<\/span><\/p>\n<p>[\/vc_column_text][vc_empty_space][vc_column_text]Fundacja \u201eAbelnita \u2013 Ambasador Pokoju\u201d zabiega o prawne uregulowanie przej\u0119cia w\u0142adzy przez nowo oczekiwanego Kr\u00f3la dla (tymczasowego <strong>pokojowego rz\u0105du \u015bwiatowego<\/strong>) otrzymuj\u0105cego w\u0142adz\u0119 na &#8222;jedn\u0105 godzin\u0119&#8221; Apokalipsa 17:12., BT. poprzez prawo restytucji ,kt\u00f3rego moc wykonawcz\u0105 mo\u017ce wykorzysta\u0107 ONZ, w ramach wsp\u00f3lnego deklarowanego zabiegania o pok\u00f3j i bezpiecze\u0144stwo dla ludzko\u015bci na ziemi. Czy ju\u017c nie nadszed\u0142 czas aby w\u0142adcy ziemi uznali nowego Kr\u00f3la i oddali Mu nale\u017cny <u>ho\u0142d<\/u> dla wsp\u00f3lnego dobra dla ludzko\u015bci,\u00a0 \u201eZ\u0142\u00f3\u017ccie ho\u0142d synowi\u201d lub \u201eus\u0142uchajcie ostrze\u017cenia\u201d Psalm 2:10-12,?[\/vc_column_text][vc_empty_space][\/vc_column][\/vc_row][vc_row css_animation=&#8221;&#8221; row_type=&#8221;row&#8221; use_row_as_full_screen_section=&#8221;no&#8221; type=&#8221;grid&#8221; angled_section=&#8221;no&#8221; text_align=&#8221;left&#8221; background_image_as_pattern=&#8221;without_pattern&#8221;][vc_column][vc_separator type=&#8221;normal&#8221; up=&#8221;0&#8243; down=&#8221;0&#8243;][\/vc_column][\/vc_row][vc_row row_type=&#8221;parallax&#8221; parallax_content_width=&#8221;in_grid&#8221; text_align=&#8221;left&#8221; full_screen_section_height=&#8221;no&#8221; background_image=&#8221;15480&#8243; section_height=&#8221;290&#8243;][vc_column][vc_row_inner row_type=&#8221;row&#8221; type=&#8221;grid&#8221; text_align=&#8221;center&#8221; css_animation=&#8221;&#8221; padding_top=&#8221;70&#8243; padding_bottom=&#8221;50&#8243;][vc_column_inner width=&#8221;1\/3&#8243;][\/vc_column_inner][vc_column_inner width=&#8221;1\/3&#8243;][vc_separator type=&#8221;transparent&#8221; up=&#8221;20&#8243; down=&#8221;0&#8243;][vc_separator type=&#8221;transparent&#8221; up=&#8221;10&#8243; down=&#8221;0&#8243;][\/vc_column_inner][vc_column_inner width=&#8221;1\/3&#8243;][\/vc_column_inner][\/vc_row_inner][\/vc_column][\/vc_row][vc_row css_animation=&#8221;&#8221; row_type=&#8221;row&#8221; use_row_as_full_screen_section=&#8221;no&#8221; type=&#8221;full_width&#8221; angled_section=&#8221;no&#8221; text_align=&#8221;left&#8221; background_image_as_pattern=&#8221;without_pattern&#8221;][vc_column][\/vc_column][\/vc_row]<\/p>\n<\/div>","protected":false},"excerpt":{"rendered":"<p>[vc_row css_animation=&#8221;&#8221; row_type=&#8221;row&#8221; use_row_as_full_screen_section=&#8221;no&#8221; type=&#8221;grid&#8221; angled_section=&#8221;no&#8221; text_align=&#8221;left&#8221; background_image_as_pattern=&#8221;without_pattern&#8221; padding_top=&#8221;85&#8243;][vc_column][vc_separator type=&#8221;small&#8221; position=&#8221;left&#8221;][vc_column_text]Pragniemy zwr\u00f3ci\u0107 si\u0119 do wszystkich obywateli \u015bwiata Mi\u0142uj\u0105cych Pok\u00f3j i Wolno\u015b\u0107, aby ka\u017cdy m\u00f3g\u0142 \u015bwiadomie uczestniczy\u0107 w wyborze: czy chce na ziemi \u017cy\u0107 z innymi w zgodzie , z poszanowaniem s\u0142owa \u201eSzalom \u2013 Pok\u00f3j\u201d jako&#8230;<\/p>\n","protected":false},"author":1,"featured_media":0,"parent":0,"menu_order":0,"comment_status":"open","ping_status":"open","template":"full_width.php","meta":{"content-type":"","footnotes":""},"_links":{"self":[{"href":"https:\/\/abelnita.pl\/index.php\/wp-json\/wp\/v2\/pages\/15342"}],"collection":[{"href":"https:\/\/abelnita.pl\/index.php\/wp-json\/wp\/v2\/pages"}],"about":[{"href":"https:\/\/abelnita.pl\/index.php\/wp-json\/wp\/v2\/types\/page"}],"author":[{"embeddable":true,"href":"https:\/\/abelnita.pl\/index.php\/wp-json\/wp\/v2\/users\/1"}],"replies":[{"embeddable":true,"href":"https:\/\/abelnita.pl\/index.php\/wp-json\/wp\/v2\/comments?post=15342"}],"version-history":[{"count":39,"href":"https:\/\/abelnita.pl\/index.php\/wp-json\/wp\/v2\/pages\/15342\/revisions"}],"predecessor-version":[{"id":15785,"href":"https:\/\/abelnita.pl\/index.php\/wp-json\/wp\/v2\/pages\/15342\/revisions\/15785"}],"wp:attachment":[{"href":"https:\/\/abelnita.pl\/index.php\/wp-json\/wp\/v2\/media?parent=15342"}],"curies":[{"name":"wp","href":"https:\/\/api.w.org\/{rel}","templated":true}]}}