{"id":15392,"date":"2015-04-21T13:33:26","date_gmt":"2015-04-21T13:33:26","guid":{"rendered":"http:\/\/demo.qodeinteractive.com\/bridge75\/?page_id=15392"},"modified":"2021-04-22T17:30:06","modified_gmt":"2021-04-22T15:30:06","slug":"statut","status":"publish","type":"page","link":"https:\/\/abelnita.pl\/index.php\/statut\/","title":{"rendered":"Statut"},"content":{"rendered":"<div class=\"wpb-content-wrapper\"><p>[vc_row css_animation=&#8221;&#8221; row_type=&#8221;row&#8221; use_row_as_full_screen_section=&#8221;no&#8221; type=&#8221;grid&#8221; angled_section=&#8221;no&#8221; text_align=&#8221;center&#8221; background_image_as_pattern=&#8221;without_pattern&#8221;][vc_column width=&#8221;1\/6&#8243;][\/vc_column][vc_column width=&#8221;2\/3&#8243;][vc_column_text]<\/p>\n<h3 style=\"text-align: center;\">Statut Fundacji\u00a0 \u201eAbel&#8221; \u2013 Ambasador Pokoju<\/h3>\n<p>[\/vc_column_text][vc_column_text]<\/p>\n<p style=\"text-align: center;\">uchwalony\u00a0\u00a0 przez\u00a0 fundator\u00f3w\u00a0\u00a0 w\u00a0\u00a0 dniu\u00a0\u00a0 17.04.2014r. Fundatorami\u00a0 s\u0105 :\u00a0 Edmund\u00a0 Kwidzi\u0144ski\u00a0 i\u00a0 Marian\u00a0 Kwidzi\u0144ski<\/p>\n<p>[\/vc_column_text][vc_separator type=&#8221;normal&#8221;][vc_empty_space height=&#8221;15px&#8221;][vc_column_text]<\/p>\n<h5 class=\"Standard\" style=\"text-align: center;\" align=\"center\">Preambu\u0142a<\/h5>\n<p>[\/vc_column_text][vc_empty_space height=&#8221;15px&#8221;][vc_column_text]Fundacja\u00a0\u00a0 \u201e Abel&#8221; \u2013 Ambasador\u00a0\u00a0 Pokoju\u201d (Wolny\u00a0 Cz\u0142owiek , Mi\u0142uj\u0105cy\u00a0 Pok\u00f3j,\u00a0 Wolno\u015b\u0107,\u00a0 R\u00f3wno\u015b\u0107\u00a0 i\u00a0 Sprawiedliwo\u015b\u0107) S\u0142owo\u00a0 \u201eAbel\u201d\u00a0 u\u017cyte\u00a0 w\u00a0 nazwie\u00a0 Fundacji\u00a0 ma\u00a0 znaczenie\u00a0 \u015bwieckie,\u00a0 a\u00a0 nie\u00a0 religijne, (od\u00a0 biblijnego imienia\u00a0 &#8222;Abel&#8221;). Nazwa skr\u00f3cona \u2013 <strong>Fundacja\u00a0 &#8222;Abel&#8221;<\/strong>[\/vc_column_text][vc_empty_space height=&#8221;15px&#8221;][vc_column_text]<\/p>\n<p style=\"text-align: left;\"><strong>Art. I. Postanowienia og\u00f3lne.<\/strong><\/p>\n<p>[\/vc_column_text][vc_column_text]<\/p>\n<p style=\"text-align: left;\">Fundacja\u00a0 \u201eAbel&#8221; \u2013 Ambasador\u00a0 Pokoju\u201d (Wolny\u00a0 Cz\u0142owiek , Mi\u0142uj\u0105cy Pok\u00f3j, Wolno\u015b\u0107,\u00a0 R\u00f3wno\u015b\u0107\u00a0 i\u00a0 Sprawiedliwo\u015b\u0107), zwana\u00a0 w\u00a0 dalszym\u00a0 ci\u0105gu\u00a0 \u201e Fundacj\u0105\u201d\u00a0 zosta\u0142a\u00a0 ustanowiona\u00a0 aktem\u00a0 notarialnym sporz\u0105dzonym\u00a0 w\u00a0 Kancelarii\u00a0 Notariusza Beaty Wo\u017aniak w Bia\u0142ogardzie przy ul. 1 Maja 13.<\/p>\n<p style=\"text-align: left;\">Repertorium A Nr 974\/2014<\/p>\n<p>[\/vc_column_text][vc_empty_space height=&#8221;15px&#8221;][vc_column_text]<\/p>\n<ul>\n<li style=\"text-align: left;\">Siedzib\u0105 Fundacji\u00a0 jest\u00a0 miasto\u00a0 Bia\u0142ogard<\/li>\n<li style=\"text-align: left;\">Fundacja mo\u017ce\u00a0 dzia\u0142a\u0107\u00a0 na\u00a0 terenie\u00a0 ca\u0142ej\u00a0 Polski\u00a0 i\u00a0 poza\u00a0 jej granicami<\/li>\n<li style=\"text-align: left;\">Fundacja mo\u017ce\u00a0 powo\u0142ywa\u0107\u00a0 Przedstawicielstwa\u00a0 poza\u00a0 granicami<\/li>\n<li style=\"text-align: left;\">Fundacja jest\u00a0 organizacj\u0105\u00a0 spo\u0142eczn\u0105,\u00a0 pozarz\u0105dow\u0105.<\/li>\n<li style=\"text-align: left;\">Fundacja posiada\u00a0 osobowo\u015b\u0107\u00a0 prawn\u0105.\u00a0 Fundacja\u00a0 u\u017cywa\u00a0 piecz\u0119ci\u00a0 z\u00a0 nazw\u0105\u00a0 i\u00a0 adresem Fundacji zgodnie\u00a0 z\u00a0 obowi\u0105zuj\u0105cymi. Dla\u00a0 cel\u00f3w \u00a0wsp\u00f3\u0142pracy\u00a0 z\u00a0 zagranic\u0105 Fundacja mo\u017ce\u00a0 pos\u0142ugiwa\u0107\u00a0 si\u0119\u00a0 nazw\u0105\u00a0 w\u00a0 j\u0119zyku obcym.<\/li>\n<li style=\"text-align: left;\">Fundacja uwzgl\u0119dnia\u00a0 zmian\u0119\u00a0 statutu\u00a0 Fundacji\u00a0 gdy\u00a0 zajd\u0105\u00a0 takie\u00a0 okoliczno\u015bci.<\/li>\n<li style=\"text-align: left;\">Nadz\u00f3r nad\u00a0 dzia\u0142alno\u015bci\u0105\u00a0 Fundacji\u00a0 sprawuje\u00a0 Minister\u00a0 Administracji\u00a0 i Cyfryzacji<\/li>\n<\/ul>\n<p>[\/vc_column_text][vc_empty_space height=&#8221;15px&#8221;][vc_column_text]<\/p>\n<p style=\"text-align: left;\"><strong>Art. II. Cele i\u00a0 zadania\u00a0 Fundacji.<\/strong><\/p>\n<p>[\/vc_column_text][vc_empty_space height=&#8221;15px&#8221;][vc_column_text css=&#8221;.vc_custom_1584620718621{padding-left: 20px !important;}&#8221;]<\/p>\n<ol>\n<li style=\"text-align: left;\">Celem Fundacji\u00a0 jest\u00a0 prowadzenie\u00a0 oraz\u00a0 wspieranie\u00a0 dzia\u0142alno\u015bci\u00a0 na\u00a0 rzecz\u00a0 inicjowania\u00a0 procesu zmian\u00a0 cywilizacyjnych,\u00a0 kulturowych\u00a0 i\u00a0 ideowych.<\/li>\n<li style=\"text-align: left;\">Promowanie idei\u00a0 pokoju,\u00a0 wolno\u015bci,\u00a0 odpowiedzialno\u015bci,\u00a0 r\u00f3wno\u015bci\u00a0 i\u00a0 sprawiedliwo\u015bci.<\/li>\n<li style=\"text-align: left;\">Upowszechnianie s\u0142owa \u201eSzalom \u2013 Pok\u00f3j\u201d, jako neutralnego pozdrowienia mi\u0119dzynarodowego.<\/li>\n<li style=\"text-align: left;\">Promowanie idei\u00a0 poszanowania\u00a0 godno\u015bci\u00a0 cz\u0142owieka\u00a0 jako\u00a0 jednostki\u00a0 w\u00a0 rodzinie ludzkiej.<\/li>\n<li style=\"text-align: left;\">Prowadzenie dzia\u0142alno\u015bci charytatywnej.<\/li>\n<li style=\"text-align: left;\">Promowanie idei\u00a0 poszanowania\u00a0 w\u0142adzy\u00a0 jako wzgl\u0119dnego i tymczasowego\u00a0 gwaranta \u0142adu i porz\u0105dku\u00a0 i pokoju na ziemi.<\/li>\n<\/ol>\n<p>[\/vc_column_text][vc_empty_space height=&#8221;15px&#8221;][vc_column_text]<\/p>\n<p style=\"text-align: left;\"><strong>Art. III. Cele i\u00a0\u00a0 zadania\u00a0 Fundacji,\u00a0 Fundacja\u00a0 realizuje\u00a0 poprzez:<\/strong><\/p>\n<p>[\/vc_column_text][vc_empty_space height=&#8221;15px&#8221;][vc_column_text css=&#8221;.vc_custom_1584530411487{padding-left: 20px !important;}&#8221;]<\/p>\n<ol>\n<li style=\"text-align: left;\">Organizowanie imprez\u00a0 kulturalno-o\u015bwiatowych\u00a0 i\u00a0 kampanii\u00a0 informacyjnych\u00a0 w<\/li>\n<li style=\"text-align: left;\">Organizowanie zbi\u00f3rek\u00a0 publicznych,<\/li>\n<li style=\"text-align: left;\">Organizowanie paneli\u00a0 dyskusyjnych, konferencji\u00a0 i\u00a0 seminari\u00f3w,\u00a0 wyk\u0142ad\u00f3w,\u00a0 prelekcji,<\/li>\n<li style=\"text-align: left;\">Prowadzenie dzia\u0142alno\u015bci\u00a0 edukacyjno-szkoleniowej\u00a0 i\u00a0 wydawniczej,<\/li>\n<li style=\"text-align: left;\">Organizowanie koncert\u00f3w,\u00a0 wystaw\u00a0 i aukcji.<\/li>\n<\/ol>\n<p>[\/vc_column_text][vc_empty_space height=&#8221;15px&#8221;][vc_column_text]<\/p>\n<p style=\"text-align: left;\"><strong>Art. IIIa. Organy Fundacji.<br \/>\n<\/strong><\/p>\n<p>[\/vc_column_text][vc_empty_space height=&#8221;15px&#8221;][vc_column_text css=&#8221;.vc_custom_1584530387559{padding-left: 20px !important;}&#8221;]<\/p>\n<ol>\n<li style=\"text-align: left;\">Organem Fundacji\u00a0 jest\u00a0 Zarz\u0105d.<\/li>\n<li style=\"text-align: left;\">Zarz\u0105d\u00a0 jest\u00a0 powo\u0142ywany\u00a0 przez\u00a0 Fundator\u00f3w<\/li>\n<li style=\"text-align: left;\">Zarz\u0105d\u00a0 sk\u0142ada\u00a0 si\u0119\u00a0 z\u00a0 1-3\u00a0 os\u00f3b\u00a0 w\u00a0 tym\u00a0 prezesa i wiceprezesa<\/li>\n<\/ol>\n<p>[\/vc_column_text][vc_empty_space height=&#8221;15px&#8221;][vc_column_text]<\/p>\n<p style=\"text-align: left;\"><strong>Art. IV. Kompetencje zarz\u0105du.<br \/>\n<\/strong><\/p>\n<p>[\/vc_column_text][vc_empty_space height=&#8221;15px&#8221;][vc_column_text css=&#8221;.vc_custom_1584530364519{padding-left: 20px !important;}&#8221;]<\/p>\n<ol>\n<li style=\"text-align: left;\">Zarz\u0105d\u00a0 dzia\u0142a\u00a0 w\u00a0 imieniu\u00a0 i\u00a0 na\u00a0 rzecz\u00a0 Fundacji.<\/li>\n<li style=\"text-align: left;\">Dokonuje\u00a0 zmian\u00a0 statutu\u00a0 w\u00a0 tym\u00a0 celu\u00a0 statutu\u00a0 Fundacji.<\/li>\n<\/ol>\n<p>[\/vc_column_text][vc_empty_space height=&#8221;15px&#8221;][vc_column_text]<\/p>\n<p style=\"text-align: left;\"><strong>Art. V. Maj\u0105tek\u00a0 i\u00a0 dochody\u00a0 Fundacji.<br \/>\n<\/strong><\/p>\n<p>[\/vc_column_text][vc_empty_space height=&#8221;15px&#8221;][vc_column_text css=&#8221;.vc_custom_1584530310033{padding-left: 20px !important;}&#8221;]<\/p>\n<p style=\"text-align: left;\">Maj\u0105tek\u00a0 Fundacji\u00a0 stanowi\u0105\u00a0 pieni\u0105dze\u00a0 w\u00a0 kwocie\u00a0 1000 z\u0142. (po\u00a0 500 z\u0142\u00a0 ka\u017cdy\u00a0 z\u00a0 Fundator\u00f3w), wniesione\u00a0 jako\u00a0 fundusz\u00a0 za\u0142o\u017cycielski, a\u00a0 tak\u017ce\u00a0 inne\u00a0 \u015brodki\u00a0 wymienione\u00a0 poni\u017cej:<\/p>\n<ol>\n<li style=\"text-align: left;\">\u015awiadczenia rzeczowe\u00a0 a\u00a0 tak\u017ce\u00a0 pieni\u0119\u017cne\u00a0 \u015bwiadczone\u00a0 przez\u00a0 Fundator\u00f3w.<\/li>\n<li style=\"text-align: left;\">Darowizny pieni\u0119\u017cne\u00a0 i\u00a0 rzeczowe , spadki,\u00a0 akcje\u00a0 i\u00a0 obligacje\u00a0 oraz\u00a0 inne\u00a0 zapisy\u00a0 krajowe\u00a0 i zagraniczne,\u00a0 r\u00f3\u017cne\u00a0 dochody\u00a0 z\u00a0 ofiarno\u015bci\u00a0 publicznej, \u00a0przychody\u00a0 pochodz\u0105ce ze\u00a0 zbi\u00f3rek\u00a0 publicznych.<\/li>\n<li style=\"text-align: left;\">Dotacje i\u00a0 subwencje,\u00a0 nawi\u0105zki\u00a0 i\u00a0 inne\u00a0 wp\u0142aty\u00a0 s\u0105dowe\u00a0 oraz\u00a0 inne\u00a0 wp\u0142ywy.<\/li>\n<\/ol>\n<p>[\/vc_column_text][vc_empty_space height=&#8221;15px&#8221;][vc_column_text]<\/p>\n<p style=\"text-align: left;\"><strong>Art. Va.<\/strong><\/p>\n<p>[\/vc_column_text][vc_empty_space height=&#8221;15px&#8221;][vc_column_text]<\/p>\n<p style=\"text-align: left;\">a. Przychody Fundacji okre\u015blone\u00a0\u00a0 wy\u017cej\u00a0 przeznaczone\u00a0 s\u0105\u00a0 wy\u0142\u0105cznie\u00a0 na\u00a0 prowadzenie dzia\u0142alno\u015bci\u00a0 statutowej\u00a0 Fundacji.<\/p>\n<p style=\"text-align: left;\">b. Przychody Fundacji\u00a0\u00a0 mog\u0105\u00a0 by\u0107\u00a0 u\u017cywane\u00a0 do\u00a0 realizacji\u00a0 wszystkich\u00a0 jej\u00a0 cel\u00f3w, je\u017celi\u00a0 ofiarodawcy\u00a0 nie\u00a0 postanowili\u00a0 inaczej.<\/p>\n<p style=\"text-align: left;\">c. Fundacja prowadzi\u00a0 gospodark\u0119\u00a0 finansow\u0105\u00a0 zgodnie\u00a0 z\u00a0 obowi\u0105zuj\u0105cymi\u00a0 przepisami -przewiduje\u00a0 ustanawianie\u00a0 nagr\u00f3d\u00a0 i\u00a0 wyr\u00f3\u017cnie\u0144\u00a0 za\u00a0 promowanie\u00a0 i\u00a0 wspieranie \u00a0dzia\u0142alno\u015bci\u00a0 statutowej\u00a0 Fundacji.<\/p>\n<p>[\/vc_column_text][vc_empty_space height=&#8221;15px&#8221;][vc_column_text]<\/p>\n<p style=\"text-align: left;\"><strong>Art. VI. Zarz\u0105d Fundacji tworz\u0105:<br \/>\n<\/strong><\/p>\n<p>[\/vc_column_text][vc_empty_space height=&#8221;15px&#8221;][vc_column_text css=&#8221;.vc_custom_1584530239239{padding-left: 20px !important;}&#8221;]<\/p>\n<ol>\n<li style=\"text-align: left;\">Prezes Zarz\u0105du &#8211; Edmund\u00a0 Kwidzi\u0144ski<\/li>\n<li style=\"text-align: left;\">Wiceprezes Zarz\u0105du &#8211; Marian Kwidzi\u0144ski<\/li>\n<\/ol>\n<p>[\/vc_column_text][vc_empty_space height=&#8221;15px&#8221;][vc_column_text]<\/p>\n<p style=\"text-align: left;\">Spos\u00f3b reprezentacji:<strong><br \/>\n<\/strong><\/p>\n<p>[\/vc_column_text][vc_empty_space height=&#8221;15px&#8221;][vc_column_text]<\/p>\n<p style=\"text-align: left;\">Prezes\u00a0 Zarz\u0105du\u00a0 samodzielnie , lub Wiceprezes Zarz\u0105du samodzielnie<\/p>\n<p>[\/vc_column_text][vc_empty_space height=&#8221;15px&#8221;][vc_column_text]<\/p>\n<p style=\"text-align: left;\"><strong>Art. VII. Postanowienia og\u00f3lne<br \/>\n<\/strong><\/p>\n<p>[\/vc_column_text][vc_empty_space height=&#8221;15px&#8221;][vc_column_text]<\/p>\n<p style=\"text-align: left;\">Decyzje\u00a0 w\u00a0 sprawie\u00a0 :<\/p>\n<p style=\"text-align: left;\">Zmiana\u00a0 Statutu\u00a0 w\u00a0 tym\u00a0 r\u00f3wnie\u017c\u00a0 zmiana\u00a0 cel\u00f3w\u00a0 Fundacji,\u00a0 jak\u00a0 i\u00a0 o\u00a0 likwidacji Fundacji\u00a0 podejmuje\u00a0 Zarz\u0105d\u00a0 Fundacji.<\/p>\n<p>[\/vc_column_text][vc_empty_space height=&#8221;15px&#8221;][vc_column_text]<\/p>\n<p style=\"text-align: left;\"><strong>Art. VIII. Postanowienia ko\u0144cowe<br \/>\n<\/strong><\/p>\n<p>[\/vc_column_text][vc_empty_space height=&#8221;15px&#8221;][vc_column_text]<\/p>\n<p style=\"text-align: left;\">Maj\u0105tek\u00a0 Fundacji\u00a0 po\u00a0 jej\u00a0 likwidacji\u00a0 powinien\u00a0 by\u0107\u00a0 przekazany\u00a0 na\u00a0 rzecz\u00a0 polskich organizacji\u00a0 pozarz\u0105dowych\u00a0 kt\u00f3rych\u00a0 dzia\u0142alno\u015b\u0107\u00a0 jest\u00a0 zbie\u017cna\u00a0 z\u00a0 celami\u00a0 Fundacji, wskazanych\u00a0 przez\u00a0 Zarz\u0105d\u00a0 Fundacji. O\u00a0 likwidacji\u00a0 Fundacji\u00a0 Zarz\u0105d\u00a0 Fundacji\u00a0 powiadamia\u00a0 odpowiedniego\u00a0 Ministra.<\/p>\n<p>[\/vc_column_text][vc_empty_space height=&#8221;15 px&#8221;][vc_empty_space height=&#8221;15 px&#8221;][vc_single_image image=&#8221;15894&#8243; img_size=&#8221;full&#8221; qode_css_animation=&#8221;&#8221;][vc_empty_space height=&#8221;15 px&#8221;][vc_empty_space height=&#8221;15 px&#8221;][\/vc_column][vc_column width=&#8221;1\/6&#8243;][vc_empty_space height=&#8221;15 px&#8221;][vc_column_text]<\/p>\n<p style=\"text-align: right;\"><strong>Pobierz dokument PDF:<\/strong><\/p>\n<p>[\/vc_column_text][vc_empty_space height=&#8221;15 px&#8221;]<a  itemprop=\"url\" href=\"https:\/\/abelnita.pl\/wp-content\/uploads\/2021\/04\/statut_abel.pdf\" target=\"_self\"  class=\"qbutton  default\" style=\"\">Pobierz statut ...<i class=\"qode_icon_font_awesome fa fa-print qode_button_icon_element\" style=\"\" ><\/i><\/a>[vc_empty_space height=&#8221;15 px&#8221;][\/vc_column][\/vc_row]<\/p>\n<\/div>","protected":false},"excerpt":{"rendered":"<p>[vc_row css_animation=&#8221;&#8221; row_type=&#8221;row&#8221; use_row_as_full_screen_section=&#8221;no&#8221; type=&#8221;grid&#8221; angled_section=&#8221;no&#8221; text_align=&#8221;center&#8221; background_image_as_pattern=&#8221;without_pattern&#8221;][vc_column width=&#8221;1\/6&#8243;][\/vc_column][vc_column width=&#8221;2\/3&#8243;][vc_column_text] Statut Fundacji\u00a0 \u201eAbel&#8221; \u2013 Ambasador Pokoju [\/vc_column_text][vc_column_text] uchwalony\u00a0\u00a0 przez\u00a0 fundator\u00f3w\u00a0\u00a0 w\u00a0\u00a0 dniu\u00a0\u00a0 17.04.2014r. Fundatorami\u00a0 s\u0105 :\u00a0 Edmund\u00a0 Kwidzi\u0144ski\u00a0 i\u00a0 Marian\u00a0 Kwidzi\u0144ski [\/vc_column_text][vc_separator type=&#8221;normal&#8221;][vc_empty_space height=&#8221;15px&#8221;][vc_column_text] Preambu\u0142a [\/vc_column_text][vc_empty_space height=&#8221;15px&#8221;][vc_column_text]Fundacja\u00a0\u00a0 \u201e Abel&#8221; \u2013 Ambasador\u00a0\u00a0 Pokoju\u201d (Wolny\u00a0 Cz\u0142owiek ,&#8230;<\/p>\n","protected":false},"author":1,"featured_media":0,"parent":0,"menu_order":0,"comment_status":"open","ping_status":"open","template":"","meta":{"content-type":"","footnotes":""},"_links":{"self":[{"href":"https:\/\/abelnita.pl\/index.php\/wp-json\/wp\/v2\/pages\/15392"}],"collection":[{"href":"https:\/\/abelnita.pl\/index.php\/wp-json\/wp\/v2\/pages"}],"about":[{"href":"https:\/\/abelnita.pl\/index.php\/wp-json\/wp\/v2\/types\/page"}],"author":[{"embeddable":true,"href":"https:\/\/abelnita.pl\/index.php\/wp-json\/wp\/v2\/users\/1"}],"replies":[{"embeddable":true,"href":"https:\/\/abelnita.pl\/index.php\/wp-json\/wp\/v2\/comments?post=15392"}],"version-history":[{"count":76,"href":"https:\/\/abelnita.pl\/index.php\/wp-json\/wp\/v2\/pages\/15392\/revisions"}],"predecessor-version":[{"id":15902,"href":"https:\/\/abelnita.pl\/index.php\/wp-json\/wp\/v2\/pages\/15392\/revisions\/15902"}],"wp:attachment":[{"href":"https:\/\/abelnita.pl\/index.php\/wp-json\/wp\/v2\/media?parent=15392"}],"curies":[{"name":"wp","href":"https:\/\/api.w.org\/{rel}","templated":true}]}}