{"id":15806,"date":"2020-09-07T10:30:41","date_gmt":"2020-09-07T08:30:41","guid":{"rendered":"https:\/\/abelnita.pl\/?page_id=15806"},"modified":"2021-04-22T18:01:45","modified_gmt":"2021-04-22T16:01:45","slug":"apelshalom-pokoj-tymczasowy-rzad-swiatowy","status":"publish","type":"page","link":"https:\/\/abelnita.pl\/index.php\/apelshalom-pokoj-tymczasowy-rzad-swiatowy\/","title":{"rendered":"Apel! Fundacji &#8222;Abel&#8221; &#8211; ambasador Pokoju &#8222;SHALOM POK\u00d3J&#8221;"},"content":{"rendered":"\t\t<div data-elementor-type=\"wp-page\" data-elementor-id=\"15806\" class=\"elementor elementor-15806\">\n\t\t\t\t\t\t<section class=\"elementor-section elementor-top-section elementor-element elementor-element-4278164 elementor-section-boxed elementor-section-height-default elementor-section-height-default parallax_section_no qode_elementor_container_no\" data-id=\"4278164\" data-element_type=\"section\">\n\t\t\t\t\t\t<div class=\"elementor-container elementor-column-gap-default\">\n\t\t\t\t\t<div class=\"elementor-column elementor-col-100 elementor-top-column elementor-element elementor-element-d7211d3\" data-id=\"d7211d3\" data-element_type=\"column\">\n\t\t\t<div class=\"elementor-widget-wrap elementor-element-populated\">\n\t\t\t\t\t\t<div class=\"elementor-element elementor-element-f76737d elementor-widget elementor-widget-heading\" data-id=\"f76737d\" data-element_type=\"widget\" data-widget_type=\"heading.default\">\n\t\t\t\t<div class=\"elementor-widget-container\">\n\t\t\t<h2 class=\"elementor-heading-title elementor-size-default\">\"Projekt Shalom- Pok\u00f3j\" Tymczasowy Pokojowy Rz\u0105d \u015awiatowy\n<\/h2>\t\t<\/div>\n\t\t\t\t<\/div>\n\t\t\t\t\t<\/div>\n\t\t<\/div>\n\t\t\t\t\t<\/div>\n\t\t<\/section>\n\t\t\t\t<section class=\"elementor-section elementor-top-section elementor-element elementor-element-532f503 elementor-section-boxed elementor-section-height-default elementor-section-height-default parallax_section_no qode_elementor_container_no\" data-id=\"532f503\" data-element_type=\"section\">\n\t\t\t\t\t\t<div class=\"elementor-container elementor-column-gap-default\">\n\t\t\t\t\t<div class=\"elementor-column elementor-col-100 elementor-top-column elementor-element elementor-element-9f335df\" data-id=\"9f335df\" data-element_type=\"column\">\n\t\t\t<div class=\"elementor-widget-wrap elementor-element-populated\">\n\t\t\t\t\t\t<div class=\"elementor-element elementor-element-72dde59 elementor-widget elementor-widget-text-editor\" data-id=\"72dde59\" data-element_type=\"widget\" data-widget_type=\"text-editor.default\">\n\t\t\t\t<div class=\"elementor-widget-container\">\n\t\t\t\t\t\t\t<p style=\"text-align: center;\">(spo\u0142ecze\u0144stwa nowego \u015bwiata -\u015bwiata pokoju, &#8222;b\u0142ogos\u0142awieni pok\u00f3j czyni\u0105cy&#8221;.(&#8230;)\u00a0 Mat. 5:9<\/p>\t\t\t\t\t\t<\/div>\n\t\t\t\t<\/div>\n\t\t\t\t\t<\/div>\n\t\t<\/div>\n\t\t\t\t\t<\/div>\n\t\t<\/section>\n\t\t\t\t<section class=\"elementor-section elementor-top-section elementor-element elementor-element-c0e180d elementor-section-full_width elementor-section-content-middle elementor-section-height-default elementor-section-height-default parallax_section_no qode_elementor_container_no\" data-id=\"c0e180d\" data-element_type=\"section\">\n\t\t\t\t\t\t<div class=\"elementor-container elementor-column-gap-default\">\n\t\t\t\t\t<div class=\"elementor-column elementor-col-100 elementor-top-column elementor-element elementor-element-4ea2eeb\" data-id=\"4ea2eeb\" data-element_type=\"column\">\n\t\t\t<div class=\"elementor-widget-wrap elementor-element-populated\">\n\t\t\t\t\t\t<div class=\"elementor-element elementor-element-0bc0760 elementor-align-center elementor-widget elementor-widget-button\" data-id=\"0bc0760\" data-element_type=\"widget\" data-widget_type=\"button.default\">\n\t\t\t\t<div class=\"elementor-widget-container\">\n\t\t\t\t\t<div class=\"elementor-button-wrapper\">\n\t\t\t<a class=\"elementor-button elementor-button-link elementor-size-sm\" href=\"https:\/\/abelnita.pl\/wp-content\/uploads\/2021\/04\/apel.pdf\">\n\t\t\t\t\t\t<span class=\"elementor-button-content-wrapper\">\n\t\t\t\t\t\t\t\t\t<span class=\"elementor-button-text\">POBIERZ PDF<\/span>\n\t\t\t\t\t<\/span>\n\t\t\t\t\t<\/a>\n\t\t<\/div>\n\t\t\t\t<\/div>\n\t\t\t\t<\/div>\n\t\t\t\t\t<\/div>\n\t\t<\/div>\n\t\t\t\t\t<\/div>\n\t\t<\/section>\n\t\t\t\t<section class=\"elementor-section elementor-top-section elementor-element elementor-element-d116d26 elementor-section-boxed elementor-section-height-default elementor-section-height-default parallax_section_no qode_elementor_container_no\" data-id=\"d116d26\" data-element_type=\"section\">\n\t\t\t\t\t\t<div class=\"elementor-container elementor-column-gap-default\">\n\t\t\t\t\t<div class=\"elementor-column elementor-col-100 elementor-top-column elementor-element elementor-element-171187c\" data-id=\"171187c\" data-element_type=\"column\">\n\t\t\t<div class=\"elementor-widget-wrap elementor-element-populated\">\n\t\t\t\t\t\t<div class=\"elementor-element elementor-element-1ef389f elementor-widget elementor-widget-text-editor\" data-id=\"1ef389f\" data-element_type=\"widget\" data-widget_type=\"text-editor.default\">\n\t\t\t\t<div class=\"elementor-widget-container\">\n\t\t\t\t\t\t\t<ol><li>S\u0142owo &#8222;Shalom&#8221; \u2013 (Pok\u00f3j) okre\u015bla pokojow\u0105 &#8222;Racj\u0119 Stanu&#8221; (cz\u0142owiecze\u0144stwa\u00a0 rodziny ludzkiej\u00a0 jako &#8222;sacrum&#8221;) &#8222;ka\u017cdego&#8221;, jako jednostki, grupy, narodu, Pa\u0144stwa, w\u0142adzy lokalnej, W\u0142adzy narodowej i W\u0142adzy mi\u0119dzynarodowej.<\/li><\/ol><p>\u00a0<\/p><p style=\"padding-left: 40px;\">1.a. S\u0142owu\u00a0 &#8222;Shalom&#8221;-(Pok\u00f3j) nada\u0107\u00a0 Status prawny w formie dokumentu, \u00a0\u00a0\u00a0\u00a0 jako\u00a0 &#8222;warto\u015bci ideowej&#8221; , okreslaj\u0105cej usposobienie pokojowe ka\u017cdego kto dobrowolnie chce si\u0119 z Ide\u0105 Pokoju uto\u017csamia\u0107 i j\u0105 wyra\u017ca\u0107. (Neutralny ,bez pa\u0144stwowy, &#8222;Paszport&#8221;- Shalom wydawany przez ONZ ,jako jeden jedyny taki sam dla wszystkich mieszka\u0144c\u00f3w ziemi ,umo\u017cliwiaj\u0105cy podr\u00f3\u017cowanie po ca\u0142ej ziemi bez \u017cadnych viz, ale tylko do przebywania w danym kraju do 3-m-cy, nie uprawniaj\u0105cy do ubiegania si\u0119 na pobyt sta\u0142y )<\/p><p style=\"padding-left: 40px;\">(Paszport obywatela nowego \u015bwiata , \u015bwiata pokoju )<\/p><p>\u00a0<\/p><p>2. W\u0142adze maj\u0105 w obowi\u0105zku umo\u017cliwi\u0107 wydanie i otrzymanie takiego &#8222;Dokumentu&#8221; (&#8222;znaku&#8221;), jako identyfikatora, (nie\u015bmiertelnika) \u00a0\u00a0\u00a0\u00a0\u00a0\u00a0\u00a0 (wykluczaj\u0105cego skutecznie zamian\u0119 to\u017csamo\u015bci )<\/p><p>3. W\u0142adze maj\u0105 obowi\u0105zek poinformowa\u0107 obywateli o takiej mo\u017cliwo\u015bci \u00a0\u00a0\u00a0\u00a0\u00a0\u00a0 opowiedzenia si\u0119 po stronie &#8222;Pokoju&#8221;, przez u\u017cycie s\u0142owa &#8222;Shalom&#8221;- (Pok\u00f3j), jako jednego wsp\u00f3lnego i rozpoznawalnego dla wszystkich mieszka\u0144c\u00f3w ziemi &#8222;pozdrowienia&#8221; mi\u0119dzynarodowego.\u00a0\u00a0\u00a0\u00a0\u00a0\u00a0\u00a0\u00a0<\/p><p>4. Ka\u017cdy uto\u017csamiaj\u0105cy si\u0119 z Ide\u0105 Pokoju wyra\u017con\u0105 s\u0142owem &#8222;Shalom&#8221;, staje si\u0119 tym samym &#8222;Ambasadorem&#8221; Pokoju ,oraz bierze na siebie odpowiedzialno\u015b\u0107 wynikaj\u0105c\u0105 z tego tytu\u0142u. (jest neutralny wobec konflikt\u00f3w zbrojnych ,otrzymuje &#8222;Immunitet&#8221; \u00a0\u00a0\u00a0\u00a0\u00a0\u00a0 nietykalno\u015bci)<\/p><p>5. W\u0142adze do realizacji (Projektu &#8222;Shalom&#8221;-Pok\u00f3j) oczekuj\u0105 poparcia dla\u00a0 tej Idei ca\u0142ej spo\u0142eczno\u015bci mi\u0119dzynarodowej na forum ONZ. (w celu ustanowienia Tymczasowego Pokojowego Rz\u0105du \u015awiatowego )<\/p><p>Idea\u00a0\u00a0\u00a0 Pokoju \u2013 &#8222;Shalom&#8221; powinna sta\u0107 sie priorytetem dla ka\u017cdego kto mieni si\u0119 zwa\u0107 cz\u0142owiekiem, cz\u0142onkiem\u00a0 rodziny\u00a0 ludzkiej ( s\u0142owo &#8222;Shalom&#8221;\u00a0 w &#8222;u\u017cyciu&#8221; obala antysemityzm i nacjonalizm )<\/p><p>6. Edukacja\u00a0 powszechna\u00a0 w\u00a0 tym\u00a0 kierunku\u00a0 konieczna (jest &#8222;TESTEM&#8221; , czy cz\u0142onkowie rodziny\u00a0 ludzkiej opowiedz\u0105 si\u0119 za : POKOJEM, czy za\u00a0 bezprawiem, przemoc\u0105 i wojn\u0105 ).<\/p><p>Ka\u017cdy , kto ceni \u017cycie i uznaje je za \u015bwi\u0119te od chwili\u00a0 pocz\u0119cia a\u017c do naturalnej \u015bmierci, bierze na siebie\u00a0 odpowiedzialno\u015b\u0107 za zapewnienie\u00a0 ochrony prawnej ka\u017cdemu kochaj\u0105cemu \u017cycie.<\/p><ul><li>Czy gloryfikowaniem &#8222;idei wojny&#8221; mo\u017cna wyra\u017ca\u0107 szacunek do \u017cycia? ( czy przeciwnie, beszczeln\u0105 pogard\u0119 dla \u015bwi\u0119to\u015bci \u017cycia )?<\/li><\/ul><ul><li>Czy &#8222;idea \u015bwi\u0119tej wojny&#8221; kiedykolwiek wyra\u017ca\u0142a zbo\u017cny szacunek dla \u015bwi\u0119to\u015bci \u017cycia ?( czego uczy ca\u0142a dotychczasowa historia ludzko\u015bci ) ?<\/li><\/ul><ul><li>( czy nie tego, \u017ce &#8221; kto chwyta za miecz , od miecza ginie&#8221; )?<\/li><\/ul><p>Czy nie czas na wyra\u017canie szacunku dla \u015bwi\u0119to\u015bci \u017cycia, przez nadanie &#8222;Idei Pokoju&#8221; warto\u015bci chronionej prawem \u2013 jako wsp\u00f3lne &#8222;dobro&#8221; rodziny ludzkiej?<\/p><p>\u00a0S\u0142owo &#8221; Shalom&#8221;-Pok\u00f3j w swej definicji dostatecznie okre\u015bla pokojowe usposobienie, i tym samym umo\u017cliwia ka\u017cdemu zagubionemu w dobie kryzysu to\u017csamo\u015bci, odnalezienie si\u0119, oraz \u00a0okre\u015blenie swej to\u017csamo\u015bci jako warto\u015bci ideowej chronionej prawem.<\/p><p>\u00a0<\/p><p>\u00a0<\/p>\t\t\t\t\t\t<\/div>\n\t\t\t\t<\/div>\n\t\t\t\t\t<\/div>\n\t\t<\/div>\n\t\t\t\t\t<\/div>\n\t\t<\/section>\n\t\t\t\t<section class=\"elementor-section elementor-top-section elementor-element elementor-element-5ee5c1d elementor-section-boxed elementor-section-height-default elementor-section-height-default parallax_section_no qode_elementor_container_no\" data-id=\"5ee5c1d\" data-element_type=\"section\">\n\t\t\t\t\t\t<div class=\"elementor-container elementor-column-gap-default\">\n\t\t\t\t\t<div class=\"elementor-column elementor-col-100 elementor-top-column elementor-element elementor-element-4189411\" data-id=\"4189411\" data-element_type=\"column\">\n\t\t\t<div class=\"elementor-widget-wrap elementor-element-populated\">\n\t\t\t\t\t\t<div class=\"elementor-element elementor-element-f4d05ab elementor-widget elementor-widget-heading\" data-id=\"f4d05ab\" data-element_type=\"widget\" data-widget_type=\"heading.default\">\n\t\t\t\t<div class=\"elementor-widget-container\">\n\t\t\t<h2 class=\"elementor-heading-title elementor-size-default\">Uzasadnienie do Projektu \"Shalom\"- (Pok\u00f3j)<\/h2>\t\t<\/div>\n\t\t\t\t<\/div>\n\t\t\t\t\t<\/div>\n\t\t<\/div>\n\t\t\t\t\t<\/div>\n\t\t<\/section>\n\t\t\t\t<section class=\"elementor-section elementor-top-section elementor-element elementor-element-404c8d7 elementor-section-boxed elementor-section-height-default elementor-section-height-default parallax_section_no qode_elementor_container_no\" data-id=\"404c8d7\" data-element_type=\"section\">\n\t\t\t\t\t\t<div class=\"elementor-container elementor-column-gap-default\">\n\t\t\t\t\t<div class=\"elementor-column elementor-col-100 elementor-top-column elementor-element elementor-element-6e39d3b\" data-id=\"6e39d3b\" data-element_type=\"column\">\n\t\t\t<div class=\"elementor-widget-wrap elementor-element-populated\">\n\t\t\t\t\t\t<div class=\"elementor-element elementor-element-6d31ae1 elementor-widget elementor-widget-text-editor\" data-id=\"6d31ae1\" data-element_type=\"widget\" data-widget_type=\"text-editor.default\">\n\t\t\t\t<div class=\"elementor-widget-container\">\n\t\t\t\t\t\t\t<p style=\"text-align: left;\">\u015awiadom praw i obowi\u0105zku jak i odpowiedzialno\u015bci bycia cz\u0142onkiem rodziny ludzkiej, wyra\u017cam swoje zaniepokojenie o dalszy los rodzaju ludzkiego na ziemi. Z uwagi na nie ko\u0144cz\u0105ce si\u0119 ,a coraz bardziej nasilaj\u0105ce\u00a0 si\u0119 akty agresji, przemocy, terroryzmu zagra\u017caj\u0105cemu we wszystkich rejonach \u015bwiata, SUMIENIE moje nie pozwala mi dalej milcze\u0107, lecz wyrazi\u0107 swoje daleko id\u0105ce zaniepokojenie z powodu &#8222;biernej&#8221; postawy w\u0142adz kt\u00f3re, dysponuj\u0105c odpowiednimi &#8222;narz\u0119dziami&#8221;prawa tj. Konstytucje, Deklaracje Praw Cz\u0142owieka i ONZ , do tej pory\u00a0 nie wykorzysta\u0142y &#8222;swej&#8221; &#8222;mocy&#8221; &#8222;sprawczej&#8221; jako \u00a0&#8222;W\u0141ADZA&#8221; by zapewni\u0107 pokojowe warunki \u017cycia na ziemi.<\/p><p style=\"text-align: left;\">\u00a0<\/p><p>\u00a0<\/p><p>Dlatego postuluj\u0119 o rozwa\u017cenie\u00a0 propozycji projektu &#8222;Shalom&#8221; &#8211; (Pok\u00f3j), na Forum Parlamentu Europejskiego jak i ONZ. (Do rozm\u00f3w zaprosi\u0107 Laureat\u00f3w Pokojowej nagrody Nobla np: L. Wa\u0142\u0119sa, B. Obama, O. Tokarczuk i innych). Dlaczego s\u0142owo &#8222;Shalom&#8221; jest najbardziej stosowne i uprawnione do tego by nim wyra\u017ca\u0107 \u00a0ide\u0119 pokoju : poniewa\u017c jest to s\u0142owo wywodz\u0105ce si\u0119 z j\u0119zyka hebrajskiego , j\u0119zyka kt\u00f3ry \u00a0 jest aktualnie u\u017cywanym w mowie i pi\u015bmie najstarszym j\u0119zykiem rodziny ludzkiej, si\u0119gajacy swymi pocz\u0105tkami, a\u017c do Biblijnego Adama i Ewy.<\/p><p>\u00a0<\/p><p>\u00a0<\/p><p>Najstarszy, pisany Testament rodziny ludzkiej Biblia, pisana jest po hebrajsku. Ka\u017cdemu, kto odnosi si\u0119 z szacunkiem do\u00a0 tej relacji Biblijnej odno\u015bnie dziej\u00f3w rodziny ludzkiej wywodz\u0105cej si\u0119 od Adama i Ewy, daje to\u00a0 jedyn\u0105\u00a0 i\u00a0 niepowtarzaln\u0105\u00a0 mo\u017cliwo\u015b\u0107 u\u017cywania tego s\u0142owa &#8222;Shalom&#8221;, w j\u0119zyku swoich &#8222;pra-pra&#8221; &#8222;rodzic\u00f3w&#8221;.<\/p><p>\u00a0<\/p><p>\u00a0<\/p><p>Nic bardziej nie \u0142\u0105czy &#8222;dzieci&#8221; jak &#8222;j\u0119zyk rodzic\u00f3w&#8221;.\u00a0 Nikt z obecnie \u017cyj\u0105cych &#8222;dzieci&#8221; Adama nie mo\u017ce sobie zaw\u0142aszcza\u0107 prawa do tego j\u0119zyka na wy\u0142\u0105czno\u015b\u0107. J\u0119zyk hebrajski sam w sobie nigdy nie by\u0142 &#8222;religi\u0105&#8221;, i dalej nie jest, tak jak ka\u017cdy inny j\u0119zyk s\u0142u\u017cy &#8222;tylko&#8221; do porozumiewania si\u0119 mi\u0119dzy lud\u017ami. (tak jak ka\u017cdy inny j\u0119zyk) Ka\u017cdy do j\u0119zyka swoich pierwszych rodzic\u00f3w, ma jednakowe prawo.\u00a0\u017bydzi, jako nar\u00f3d pos\u0142uguj\u0105cy si\u0119 j\u0119zykiem hebrajskim, zas\u0142uguj\u0105 na szacunek, a nie\u00a0\u00a0 na\u00a0 &#8222;pogard\u0119&#8221; poniewa\u017c , uratowali ten j\u0119zyk przed &#8222;wymarciem&#8221;.<\/p><p>\u00a0<\/p><p>\u00a0<\/p><p>U\u017cywaj\u0105c s\u0142owa &#8222;Shalom&#8221; obalamy antysemityzm jak i wyra\u017camy &#8222;przeprosiny&#8221; za &#8222;z\u0142o&#8221; jakiego do\u015bwiadczali \u017bydzi do tej pory, ze strony antysemit\u00f3w. Czy nie czas najwy\u017cszy\u00a0 t\u0105 &#8222;z\u0142\u0105&#8221; opini\u0119\u00a0 zacz\u0105\u0107 zmienia\u0107?\u00a0 (j\u0119zykiem pokoju) Za tak\u0105 konieczno\u015bci\u0105 &#8222;ZMIAN&#8221; dotychczasowych &#8222;pogl\u0105d\u00f3w&#8221;, cz\u0119sto wypowiadali si\u0119 na przestrzeni wiek\u00f3w osoby mi\u0142uj\u0105ce POK\u00d3J, lecz ka\u017cda dotychczasowa &#8222;W\u0141ADZA&#8221;, bardziej mi\u0142owa\u0142a &#8222;ide\u0119 wojny&#8221; od &#8222;idei pokoju&#8221;, skanduj\u0105c has\u0142o\u00a0 &#8222;jak chcesz mie\u0107 pok\u00f3j, to najpierw szykuj si\u0119 na wojn\u0119&#8221;. Czyli taka &#8222;w\u0142adza&#8221; wola\u0142a\u00a0 &#8222;mieczem wojowa\u0107, by od miecza gin\u0105\u0107&#8221; . Czy nie najwy\u017cszy czas\u00a0 &#8222;przeku\u0107 miecze ,na lemiesze&#8221;? (przynajmniej podj\u0105\u0107 takie pr\u00f3by,\u00a0 od czego\u015b trzeba zacz\u0105\u0107)?<\/p><p>\u00a0<\/p><p>\u00a0<\/p><p>&#8221; Nawet najmniejszy krok mo\u017ce przemieni\u0107 ca\u0142y \u015bwiat&#8221;- Barack\u00a0 Obama<\/p><p>( Czas najwy\u017cszy taki &#8222;najmniejszy krok&#8221; zacz\u0105\u0107 pr\u00f3bowa\u0107 stawia\u0107?)<\/p><p>&#8222;Co cz\u0142owiek sieje, to i \u017c\u0105\u0107 b\u0119dzie&#8221;<\/p><p>&#8222;Je\u017celi si\u0119 sieje &#8222;nic&#8221;, to i &#8222;nic si\u0119 zbiera&#8221;<\/p><p>&#8221; Bez dialogu na forum ONZ \u015bwiatu grozi, rozpad i wojny &#8221; &#8211; W\u0142adimir Putin<\/p><p>&#8222;B\u0119dziemy si\u0119 opowiadali za centralizacj\u0105 decyzji i wi\u0119ksz\u0105 rol\u0105 ONZ.<\/p><p>\u00a0Dzia\u0142aj\u0105c razem , damy rad\u0119 doprowadzi\u0107 do rozwoju wszystkich pa\u0144stw i narod\u00f3w&#8221; &#8211; W\u0142adimir Putin<\/p><p>&#8221; Tw\u00f3rzmy \u015bwiat oparty na sile prawa, a nie na prawie si\u0142y&#8221; \u2013 Andrzej\u00a0 Duda<\/p><p>&#8222;Pok\u00f3j i prawo \u2013 dwa s\u0142owa ,(klucze) bez kt\u00f3rych nie spos\u00f3b\u00a0 wyobrazi\u0107 sobie <u>wsp\u00f3\u0142istnienia <\/u>\u00a0narod\u00f3w, grup etnicznych,wyznawc\u00f3w r\u00f3\u017cnych religii&#8221;. -Andrzej Duda<\/p><p>\u00a0<\/p><p>Tak\u0105 potrzeb\u0119 ustanowienia pokojowych warunk\u00f3w \u017cycia na ziemi, przez ustanowienie mi\u0119dzynarodowej w\u0142adzy na ziemi, dostrzegali ju\u017c przed nami inni, mi\u0119dzy innymi Albert Einstein kt\u00f3ry w audycji radiowej w maju 1946r.\u00a0 M\u00f3wi\u0142: &#8222;Jedyn\u0105 nadziej\u0105 na\u00a0 bezpiecze\u0144stwo jest zapewnienie pokoju za po\u015brednictwem instytucji ponad pa\u0144stwowych. (&#8230;) Musi powsta\u0107 rz\u0105d \u015bwiatowy, kt\u00f3ry b\u0119dzie w stanie rozstrzyga\u0107 mi\u0119dzynarodowe konflikty na drodze prawnej, (&#8230;) Rz\u0105d ten musi w oparciu o niedwuznacznie sformu\u0142owan\u0105 konstytucj\u0119\u00a0 zaaprobowan\u0105 przez wszystkie rz\u0105dy i wszystkie pa\u0144stwa, przyznaj\u0105c\u0105 mu wy\u0142\u0105czno\u015b\u0107 na u\u017cycie broni ofensywnej, (&#8230;)<\/p><p>\u00a0<\/p><p>Mo\u017cna powiedzie\u0107,\u017ce\u00a0 przyw\u00f3dcy czy pa\u0144stwa mi\u0142uj\u0105 pok\u00f3j jedynie wtedy, gdy s\u0105 gotowi powierzy\u0107 dysponowanie si\u0142\u0105 militarn\u0105 cia\u0142om mi\u0119dzynarodowym i wyrzec si\u0119 wszelkich pr\u00f3b, a nawet mo\u017cliwo\u015bci realizowania swych interes\u00f3w poza swym terytorium przy u\u017cyciu si\u0142y.&#8221;\u00a0 Albert Einstien<\/p><p>\u00a0<\/p><p>Takie lekcewa\u017cenie podstawowego prawa do \u017cycia w pokoju przez tych co sprawuj\u0105 w\u0142adz\u0119 na ziemi, a wyra\u017caniem zgody na prowadzenie\u00a0 wojen i zabijanie ludzi , mo\u017cna uzna\u0107 za form\u0119 &#8222;kanibalizmu cz\u0142owiecze\u0144stwa&#8221;.<\/p><p>\u00a0<\/p><p>Ka\u017cdy, kto zabija drugiego cz\u0142owieka, &#8211; zabija w\u0142asne &#8222;cia\u0142o&#8221;, gdy\u017c jako &#8222;cz\u0142onek&#8221; rodziny ludzkiej, dopuszcza si\u0119 &#8222;kanibalizmu&#8221; na zbiorowym &#8222;cz\u0142owieku&#8221;,kt\u00f3rego jest &#8222;cz\u0142onkiem&#8221;.<\/p><p>Czy nie wida\u0107 dostatecznie &#8222;ideologicznego holokaustu cz\u0142owiecze\u0144stwa&#8221;, przez odbieranie prawa jednostkom do samostanowienia o swojej osobistej\u00a0 &#8222;racji stanu&#8221; , narzucaj\u0105c mu nacjonalizm oraz fundamentalizm religijny ?<\/p><p>\u00a0<\/p><p>Nacjonalizm\u00a0 i\u00a0 instytucjonalizm religijny zawsze by\u0142y &#8222;koronawirusem&#8221; spo\u0142ecznym, parali\u017cuj\u0105cym normalne funkcjonowanie spo\u0142ecze\u0144stwa , sia\u0142y tylko terror i strach.<\/p><p>\u00a0<\/p>\t\t\t\t\t\t<\/div>\n\t\t\t\t<\/div>\n\t\t\t\t\t<\/div>\n\t\t<\/div>\n\t\t\t\t\t<\/div>\n\t\t<\/section>\n\t\t\t\t<section class=\"elementor-section elementor-top-section elementor-element elementor-element-67a195e elementor-section-boxed elementor-section-height-default elementor-section-height-default parallax_section_no qode_elementor_container_no\" data-id=\"67a195e\" data-element_type=\"section\">\n\t\t\t\t\t\t<div class=\"elementor-container elementor-column-gap-default\">\n\t\t\t\t\t<div class=\"elementor-column elementor-col-100 elementor-top-column elementor-element elementor-element-b5104b4\" data-id=\"b5104b4\" data-element_type=\"column\">\n\t\t\t<div class=\"elementor-widget-wrap elementor-element-populated\">\n\t\t\t\t\t\t<div class=\"elementor-element elementor-element-617fd76 elementor-widget elementor-widget-html\" data-id=\"617fd76\" data-element_type=\"widget\" data-widget_type=\"html.default\">\n\t\t\t\t<div class=\"elementor-widget-container\">\n\t\t\t\n<iframe allowfullscreen allow=\"fullscreen\" style=\"border:mnone;width:100%;height:526px\" src=\"\/\/e.issuu.com\/embed.html?backgroundColor=%23ffffff&d=a4doa5_abelnita_500_szt&u=abelnita\">\t\t<\/div>\n\t\t\t\t<\/div>\n\t\t\t\t\t<\/div>\n\t\t<\/div>\n\t\t\t\t\t<\/div>\n\t\t<\/section>\n\t\t\t\t<\/div>\n\t\t","protected":false},"excerpt":{"rendered":"<p>[vc_row css_animation=&#8221;&#8221; row_type=&#8221;row&#8221; use_row_as_full_screen_section=&#8221;no&#8221; type=&#8221;full_width&#8221; angled_section=&#8221;no&#8221; text_align=&#8221;left&#8221; background_image_as_pattern=&#8221;without_pattern&#8221;][vc_column width=&#8221;5\/6&#8243;][vc_column_text] &#8222;Projekt Shalom- Pok\u00f3j&#8221; Tymczasowy Pokojowy Rz\u0105d \u015awiatowy (spo\u0142ecze\u0144stwa nowego \u015bwiata -\u015bwiata pokoju, &#8222;b\u0142ogos\u0142awieni pok\u00f3j czyni\u0105cy&#8221;.(&#8230;)\u00a0 Mat. 5:9 POBIERZ PDF S\u0142owo &#8222;Shalom&#8221; \u2013 (Pok\u00f3j) okre\u015bla pokojow\u0105 &#8222;Racj\u0119 Stanu&#8221; (cz\u0142owiecze\u0144stwa\u00a0 rodziny ludzkiej\u00a0 jako &#8222;sacrum&#8221;) &#8222;ka\u017cdego&#8221;, jako jednostki, grupy,&#8230;<\/p>\n","protected":false},"author":1,"featured_media":0,"parent":0,"menu_order":0,"comment_status":"closed","ping_status":"closed","template":"","meta":{"content-type":"","footnotes":""},"_links":{"self":[{"href":"https:\/\/abelnita.pl\/index.php\/wp-json\/wp\/v2\/pages\/15806"}],"collection":[{"href":"https:\/\/abelnita.pl\/index.php\/wp-json\/wp\/v2\/pages"}],"about":[{"href":"https:\/\/abelnita.pl\/index.php\/wp-json\/wp\/v2\/types\/page"}],"author":[{"embeddable":true,"href":"https:\/\/abelnita.pl\/index.php\/wp-json\/wp\/v2\/users\/1"}],"replies":[{"embeddable":true,"href":"https:\/\/abelnita.pl\/index.php\/wp-json\/wp\/v2\/comments?post=15806"}],"version-history":[{"count":13,"href":"https:\/\/abelnita.pl\/index.php\/wp-json\/wp\/v2\/pages\/15806\/revisions"}],"predecessor-version":[{"id":15914,"href":"https:\/\/abelnita.pl\/index.php\/wp-json\/wp\/v2\/pages\/15806\/revisions\/15914"}],"wp:attachment":[{"href":"https:\/\/abelnita.pl\/index.php\/wp-json\/wp\/v2\/media?parent=15806"}],"curies":[{"name":"wp","href":"https:\/\/api.w.org\/{rel}","templated":true}]}}